{"id":26740,"date":"2025-11-19T16:58:50","date_gmt":"2025-11-19T08:58:50","guid":{"rendered":"https:\/\/www.clearlyloc.com\/?page_id=26740"},"modified":"2026-04-13T21:44:56","modified_gmt":"2026-04-13T13:44:56","slug":"video-portfolio","status":"publish","type":"page","link":"https:\/\/www.clearlyloc.com\/es\/video-portfolio\/","title":{"rendered":"Portafolio de videos"},"content":{"rendered":"\t\t<div data-elementor-type=\"wp-page\" data-elementor-id=\"26740\" class=\"elementor elementor-26740 elementor-21892\" data-elementor-post-type=\"page\">\n\t\t\t\t\t\t<section class=\"elementor-section elementor-top-section elementor-element elementor-element-60c1173 elementor-section-boxed elementor-section-height-default elementor-section-height-default\" data-id=\"60c1173\" data-element_type=\"section\" data-e-type=\"section\" data-settings=\"{&quot;background_background&quot;:&quot;classic&quot;}\">\n\t\t\t\t\t\t\t<div class=\"elementor-background-overlay\"><\/div>\n\t\t\t\t\t\t\t<div class=\"elementor-container elementor-column-gap-default\">\n\t\t\t\t\t<div class=\"elementor-column elementor-col-100 elementor-top-column elementor-element elementor-element-eed98a5\" data-id=\"eed98a5\" data-element_type=\"column\" data-e-type=\"column\">\n\t\t\t<div class=\"elementor-widget-wrap elementor-element-populated\">\n\t\t\t\t\t\t<div class=\"elementor-element elementor-element-d37cacb elementor-widget elementor-widget-heading\" data-id=\"d37cacb\" data-element_type=\"widget\" data-e-type=\"widget\" data-widget_type=\"heading.default\">\n\t\t\t\t<div class=\"elementor-widget-container\">\n\t\t\t\t\t<h1 class=\"elementor-heading-title elementor-size-default\">Explora nuestros proyectos de video<\/h1>\t\t\t\t<\/div>\n\t\t\t\t<\/div>\n\t\t\t\t<div class=\"elementor-element elementor-element-7fbfd66 elementor-widget__width-initial elementor-invisible elementor-widget elementor-widget-text-editor\" data-id=\"7fbfd66\" data-element_type=\"widget\" data-e-type=\"widget\" data-settings=\"{&quot;_animation&quot;:&quot;fadeInUp&quot;,&quot;_animation_delay&quot;:400}\" data-widget_type=\"text-editor.default\">\n\t\t\t\t<div class=\"elementor-widget-container\">\n\t\t\t\t\t\t\t\t\t<b>Servicio integral:<\/b> Gestionamos todo, desde el desarrollo del concepto hasta la postproducci\u00f3n, ofreciendo un enfoque integral para la creaci\u00f3n de contenido de video.\t\t\t\t\t\t\t\t<\/div>\n\t\t\t\t<\/div>\n\t\t<div class=\"elementor-element elementor-element-373fe77 e-grid e-con-boxed e-con e-parent\" data-id=\"373fe77\" data-element_type=\"container\" data-e-type=\"container\">\n\t\t\t\t\t<div class=\"e-con-inner\">\n\t\t\t\t<div class=\"elementor-element elementor-element-cc4be54 elementor-mobile-align-center elementor-align-right elementor-widget elementor-widget-button\" data-id=\"cc4be54\" data-element_type=\"widget\" data-e-type=\"widget\" data-widget_type=\"button.default\">\n\t\t\t\t<div class=\"elementor-widget-container\">\n\t\t\t\t\t\t\t\t\t<div class=\"elementor-button-wrapper\">\n\t\t\t\t\t<a class=\"elementor-button elementor-button-link elementor-size-sm\" href=\"https:\/\/www.clearlyloc.com\/es\/contact\/\">\n\t\t\t\t\t\t<span class=\"elementor-button-content-wrapper\">\n\t\t\t\t\t\t\t\t\t<span class=\"elementor-button-text\">Cont\u00e1ctanos<\/span>\n\t\t\t\t\t<\/span>\n\t\t\t\t\t<\/a>\n\t\t\t\t<\/div>\n\t\t\t\t\t\t\t\t<\/div>\n\t\t\t\t<\/div>\n\t\t\t\t<div class=\"elementor-element elementor-element-4af06e3 elementor-mobile-align-center elementor-align-left elementor-widget elementor-widget-button\" data-id=\"4af06e3\" data-element_type=\"widget\" data-e-type=\"widget\" data-widget_type=\"button.default\">\n\t\t\t\t<div class=\"elementor-widget-container\">\n\t\t\t\t\t\t\t\t\t<div class=\"elementor-button-wrapper\">\n\t\t\t\t\t<a class=\"elementor-button elementor-button-link elementor-size-sm\" href=\"https:\/\/www.clearlyloc.com\/video-content-creation\/\">\n\t\t\t\t\t\t<span class=\"elementor-button-content-wrapper\">\n\t\t\t\t\t\t\t\t\t<span class=\"elementor-button-text\">Creaci\u00f3n de videos<\/span>\n\t\t\t\t\t<\/span>\n\t\t\t\t\t<\/a>\n\t\t\t\t<\/div>\n\t\t\t\t\t\t\t\t<\/div>\n\t\t\t\t<\/div>\n\t\t\t\t\t<\/div>\n\t\t\t\t<\/div>\n\t\t\t\t\t<\/div>\n\t\t<\/div>\n\t\t\t\t\t<\/div>\n\t\t<\/section>\n\t\t<div class=\"elementor-element elementor-element-b518d0a e-grid e-con-boxed e-con e-parent\" data-id=\"b518d0a\" data-element_type=\"container\" data-e-type=\"container\" data-settings=\"{&quot;background_background&quot;:&quot;classic&quot;}\">\n\t\t\t\t\t<div class=\"e-con-inner\">\n\t\t<div class=\"elementor-element elementor-element-331917c e-con-full e-flex e-con e-child\" data-id=\"331917c\" data-element_type=\"container\" data-e-type=\"container\">\n\t\t\t\t<div class=\"elementor-element elementor-element-7fb37a9 elementor-widget elementor-widget-heading\" data-id=\"7fb37a9\" data-element_type=\"widget\" data-e-type=\"widget\" data-widget_type=\"heading.default\">\n\t\t\t\t<div class=\"elementor-widget-container\">\n\t\t\t\t\t<h2 class=\"elementor-heading-title elementor-size-default\">Con la confianza de marcas globales<\/h2>\t\t\t\t<\/div>\n\t\t\t\t<\/div>\n\t\t\t\t<\/div>\n\t\t<div class=\"elementor-element elementor-element-6330d5d e-con-full e-flex e-con e-child\" data-id=\"6330d5d\" data-element_type=\"container\" data-e-type=\"container\">\n\t\t\t\t<div class=\"elementor-element elementor-element-e189b54 elementor-widget__width-initial elementor-widget elementor-widget-heading\" data-id=\"e189b54\" data-element_type=\"widget\" data-e-type=\"widget\" data-widget_type=\"heading.default\">\n\t\t\t\t<div class=\"elementor-widget-container\">\n\t\t\t\t\t<h3 class=\"elementor-heading-title elementor-size-default\">Explora nuestro portafolio de videos para descubrir c\u00f3mo damos vida a las historias de las marcas con creatividad, claridad y precisi\u00f3n cultural.\n\n<\/h3>\t\t\t\t<\/div>\n\t\t\t\t<\/div>\n\t\t\t\t<\/div>\n\t\t\t\t\t<\/div>\n\t\t\t\t<\/div>\n\t\t<div class=\"elementor-element elementor-element-deec3f4 e-flex e-con-boxed e-con e-parent\" data-id=\"deec3f4\" data-element_type=\"container\" data-e-type=\"container\" data-settings=\"{&quot;background_background&quot;:&quot;classic&quot;}\">\n\t\t\t\t\t<div class=\"e-con-inner\">\n\t\t\t\t\t<\/div>\n\t\t\t\t<\/div>\n\t\t<div class=\"elementor-element elementor-element-6a64970 e-flex e-con-boxed e-con e-parent\" data-id=\"6a64970\" data-element_type=\"container\" data-e-type=\"container\">\n\t\t\t\t\t<div class=\"e-con-inner\">\n\t\t\t\t<div class=\"elementor-element elementor-element-677403e elementor-widget elementor-widget-heading\" data-id=\"677403e\" data-element_type=\"widget\" data-e-type=\"widget\" data-widget_type=\"heading.default\">\n\t\t\t\t<div class=\"elementor-widget-container\">\n\t\t\t\t\t<h2 class=\"elementor-heading-title elementor-size-default\">Descubre nuestro portafolio completo de videos<\/h2>\t\t\t\t<\/div>\n\t\t\t\t<\/div>\n\t\t\t\t<div class=\"elementor-element elementor-element-4abfb2f elementor-widget elementor-widget-heading\" data-id=\"4abfb2f\" data-element_type=\"widget\" data-e-type=\"widget\" data-widget_type=\"heading.default\">\n\t\t\t\t<div class=\"elementor-widget-container\">\n\t\t\t\t\t<h3 class=\"elementor-heading-title elementor-size-default\">Mostrando marcas globales a trav\u00e9s del video<\/h3>\t\t\t\t<\/div>\n\t\t\t\t<\/div>\n\t\t\t\t\t<\/div>\n\t\t\t\t<\/div>\n\t\t<div class=\"elementor-element elementor-element-b39120f e-flex e-con-boxed e-con e-parent\" data-id=\"b39120f\" data-element_type=\"container\" data-e-type=\"container\">\n\t\t\t\t\t<div class=\"e-con-inner\">\n\t\t<div class=\"elementor-element elementor-element-fef7a57 e-con-full e-flex e-con e-child\" data-id=\"fef7a57\" data-element_type=\"container\" data-e-type=\"container\">\n\t\t\t\t<div class=\"elementor-element elementor-element-ec1f80e elementor-icon-list--layout-traditional elementor-list-item-link-full_width elementor-widget elementor-widget-icon-list\" data-id=\"ec1f80e\" data-element_type=\"widget\" data-e-type=\"widget\" data-widget_type=\"icon-list.default\">\n\t\t\t\t<div class=\"elementor-widget-container\">\n\t\t\t\t\t\t\t<ul class=\"elementor-icon-list-items\">\n\t\t\t\t\t\t\t<li class=\"elementor-icon-list-item\">\n\t\t\t\t\t\t\t\t\t\t\t<span class=\"elementor-icon-list-icon\">\n\t\t\t\t\t\t\t<i aria-hidden=\"true\" class=\"dlicon business_factory\"><\/i>\t\t\t\t\t\t<\/span>\n\t\t\t\t\t\t\t\t\t\t<span class=\"elementor-icon-list-text\"><b>Industrias<\/b> <br>Fabricaci\u00f3n, Automoci\u00f3n, Consumo, Tecnolog\u00eda, Medicina, Energ\u00eda, Banca, Lujo y m\u00e1s.<\/span>\n\t\t\t\t\t\t\t\t\t<\/li>\n\t\t\t\t\t\t\t\t<li class=\"elementor-icon-list-item\">\n\t\t\t\t\t\t\t\t\t\t\t<span class=\"elementor-icon-list-icon\">\n\t\t\t\t\t\t\t<i aria-hidden=\"true\" class=\"icon icon-video-camera\"><\/i>\t\t\t\t\t\t<\/span>\n\t\t\t\t\t\t\t\t\t\t<span class=\"elementor-icon-list-text\"><b>Tipos de video<\/b> <br>Marketing y promoci\u00f3n, Historia de la marca, Demos de productos\/servicios, Anuncios en redes sociales, Promociones de eventos, Tutoriales paso a paso, Testimonios de clientes.<\/span>\n\t\t\t\t\t\t\t\t\t<\/li>\n\t\t\t\t\t\t\t\t<li class=\"elementor-icon-list-item\">\n\t\t\t\t\t\t\t\t\t\t\t<span class=\"elementor-icon-list-icon\">\n\t\t\t\t\t\t\t<svg aria-hidden=\"true\" class=\"e-font-icon-svg e-fas-globe\" viewBox=\"0 0 496 512\" xmlns=\"http:\/\/www.w3.org\/2000\/svg\"><path d=\"M336.5 160C322 70.7 287.8 8 248 8s-74 62.7-88.5 152h177zM152 256c0 22.2 1.2 43.5 3.3 64h185.3c2.1-20.5 3.3-41.8 3.3-64s-1.2-43.5-3.3-64H155.3c-2.1 20.5-3.3 41.8-3.3 64zm324.7-96c-28.6-67.9-86.5-120.4-158-141.6 24.4 33.8 41.2 84.7 50 141.6h108zM177.2 18.4C105.8 39.6 47.8 92.1 19.3 160h108c8.7-56.9 25.5-107.8 49.9-141.6zM487.4 192H372.7c2.1 21 3.3 42.5 3.3 64s-1.2 43-3.3 64h114.6c5.5-20.5 8.6-41.8 8.6-64s-3.1-43.5-8.5-64zM120 256c0-21.5 1.2-43 3.3-64H8.6C3.2 212.5 0 233.8 0 256s3.2 43.5 8.6 64h114.6c-2-21-3.2-42.5-3.2-64zm39.5 96c14.5 89.3 48.7 152 88.5 152s74-62.7 88.5-152h-177zm159.3 141.6c71.4-21.2 129.4-73.7 158-141.6h-108c-8.8 56.9-25.6 107.8-50 141.6zM19.3 352c28.6 67.9 86.5 120.4 158 141.6-24.4-33.8-41.2-84.7-50-141.6h-108z\"><\/path><\/svg>\t\t\t\t\t\t<\/span>\n\t\t\t\t\t\t\t\t\t\t<span class=\"elementor-icon-list-text\"><b>Clientes globales<\/b> <br>Alibaba, Huawei, Xiaomi, Brother, Lenovo, BMW, Shell, 3M, Insta360 y muchos otros.<\/span>\n\t\t\t\t\t\t\t\t\t<\/li>\n\t\t\t\t\t\t\t\t<li class=\"elementor-icon-list-item\">\n\t\t\t\t\t\t\t\t\t\t\t<span class=\"elementor-icon-list-icon\">\n\t\t\t\t\t\t\t<i aria-hidden=\"true\" class=\"icon icon-film-play\"><\/i>\t\t\t\t\t\t<\/span>\n\t\t\t\t\t\t\t\t\t\t<span class=\"elementor-icon-list-text\"><b>Contenido entregado<\/b> <br>Lanzamientos de productos, narraci\u00f3n de historias de marca, cobertura de eventos, videos educativos y campa\u00f1as localizadas.<\/span>\n\t\t\t\t\t\t\t\t\t<\/li>\n\t\t\t\t\t\t<\/ul>\n\t\t\t\t\t\t<\/div>\n\t\t\t\t<\/div>\n\t\t\t\t<\/div>\n\t\t<div class=\"elementor-element elementor-element-ed696b8 e-con-full e-flex e-con e-child\" data-id=\"ed696b8\" data-element_type=\"container\" data-e-type=\"container\">\n\t\t\t\t<div class=\"elementor-element elementor-element-8c60b00 elementor-widget__width-inherit elementor-widget elementor-widget-shortcode\" data-id=\"8c60b00\" data-element_type=\"widget\" data-e-type=\"widget\" data-widget_type=\"shortcode.default\">\n\t\t\t\t<div class=\"elementor-widget-container\">\n\t\t\t\t\t\t\t<div class=\"elementor-shortcode\"><script src=\"https:\/\/js.hsforms.net\/forms\/embed\/24112505.js\" defer><\/script>\n<div class=\"hs-form-frame\" data-region=\"na1\" data-form-id=\"322ec4f1-7c59-4e16-9253-a7974340cb03\" data-portal-id=\"24112505\"><\/div><\/div>\n\t\t\t\t\t\t<\/div>\n\t\t\t\t<\/div>\n\t\t\t\t<\/div>\n\t\t\t\t\t<\/div>\n\t\t\t\t<\/div>\n\t\t\t\t<\/div>\n\t\t","protected":false},"excerpt":{"rendered":"<p>Explora nuestros proyectos de video Servicio integral: Gestionamos todo, desde el desarrollo del concepto hasta la postproducci\u00f3n, ofreciendo un enfoque integral para la creaci\u00f3n de contenido de video. Cont\u00e1ctanos Creaci\u00f3n de videos Con la confianza de marcas globales Explora nuestro portafolio de videos para descubrir c\u00f3mo damos vida a las historias de las marcas con [&hellip;]<\/p>\n","protected":false},"author":16,"featured_media":22055,"parent":0,"menu_order":0,"comment_status":"closed","ping_status":"closed","template":"","meta":{"content-type":"","footnotes":""},"class_list":["post-26740","page","type-page","status-publish","has-post-thumbnail","hentry"],"yoast_head":"<!-- This site is optimized with the Yoast SEO plugin v27.3 - https:\/\/yoast.com\/product\/yoast-seo-wordpress\/ -->\n<title>Portafolio de videos - Clearly Local<\/title>\n<meta name=\"robots\" content=\"index, follow, max-snippet:-1, max-image-preview:large, max-video-preview:-1\" \/>\n<link rel=\"canonical\" href=\"https:\/\/www.clearlyloc.com\/es\/video-portfolio\/\" \/>\n<meta property=\"og:locale\" content=\"es_ES\" \/>\n<meta property=\"og:type\" content=\"article\" \/>\n<meta property=\"og:title\" content=\"Portafolio de videos - Clearly Local\" \/>\n<meta property=\"og:description\" content=\"Explora nuestros proyectos de video Servicio integral: Gestionamos todo, desde el desarrollo del concepto hasta la postproducci\u00f3n, ofreciendo un enfoque integral para la creaci\u00f3n de contenido de video. Cont\u00e1ctanos Creaci\u00f3n de videos Con la confianza de marcas globales Explora nuestro portafolio de videos para descubrir c\u00f3mo damos vida a las historias de las marcas con [&hellip;]\" \/>\n<meta property=\"og:url\" content=\"https:\/\/www.clearlyloc.com\/es\/video-portfolio\/\" \/>\n<meta property=\"og:site_name\" content=\"Clearly Local\" \/>\n<meta property=\"article:modified_time\" content=\"2026-04-13T13:44:56+00:00\" \/>\n<meta property=\"og:image\" content=\"https:\/\/www.clearlyloc.com\/wp-content\/uploads\/2025\/10\/Video-banner-1.jpg\" \/>\n\t<meta property=\"og:image:width\" content=\"2400\" \/>\n\t<meta property=\"og:image:height\" content=\"1600\" \/>\n\t<meta property=\"og:image:type\" content=\"image\/jpeg\" \/>\n<meta name=\"twitter:card\" content=\"summary_large_image\" \/>\n<meta name=\"twitter:label1\" content=\"Tiempo de lectura\" \/>\n\t<meta name=\"twitter:data1\" content=\"1 minuto\" \/>\n<script type=\"application\/ld+json\" class=\"yoast-schema-graph\">{\"@context\":\"https:\\\/\\\/schema.org\",\"@graph\":[{\"@type\":\"WebPage\",\"@id\":\"https:\\\/\\\/www.clearlyloc.com\\\/es\\\/video-portfolio\\\/\",\"url\":\"https:\\\/\\\/www.clearlyloc.com\\\/es\\\/video-portfolio\\\/\",\"name\":\"Portafolio de videos - Clearly Local\",\"isPartOf\":{\"@id\":\"https:\\\/\\\/www.clearlyloc.com\\\/es\\\/#website\"},\"primaryImageOfPage\":{\"@id\":\"https:\\\/\\\/www.clearlyloc.com\\\/es\\\/video-portfolio\\\/#primaryimage\"},\"image\":{\"@id\":\"https:\\\/\\\/www.clearlyloc.com\\\/es\\\/video-portfolio\\\/#primaryimage\"},\"thumbnailUrl\":\"\\\/wp-content\\\/uploads\\\/2025\\\/10\\\/Video-banner-1.jpg\",\"datePublished\":\"2025-11-19T08:58:50+00:00\",\"dateModified\":\"2026-04-13T13:44:56+00:00\",\"breadcrumb\":{\"@id\":\"https:\\\/\\\/www.clearlyloc.com\\\/es\\\/video-portfolio\\\/#breadcrumb\"},\"inLanguage\":\"es\",\"potentialAction\":[{\"@type\":\"ReadAction\",\"target\":[\"https:\\\/\\\/www.clearlyloc.com\\\/es\\\/video-portfolio\\\/\"]}]},{\"@type\":\"ImageObject\",\"inLanguage\":\"es\",\"@id\":\"https:\\\/\\\/www.clearlyloc.com\\\/es\\\/video-portfolio\\\/#primaryimage\",\"url\":\"\\\/wp-content\\\/uploads\\\/2025\\\/10\\\/Video-banner-1.jpg\",\"contentUrl\":\"\\\/wp-content\\\/uploads\\\/2025\\\/10\\\/Video-banner-1.jpg\",\"width\":2400,\"height\":1600},{\"@type\":\"BreadcrumbList\",\"@id\":\"https:\\\/\\\/www.clearlyloc.com\\\/es\\\/video-portfolio\\\/#breadcrumb\",\"itemListElement\":[{\"@type\":\"ListItem\",\"position\":1,\"name\":\"Home\",\"item\":\"https:\\\/\\\/www.clearlyloc.com\\\/es\\\/\"},{\"@type\":\"ListItem\",\"position\":2,\"name\":\"Portafolio de videos\"}]},{\"@type\":\"WebSite\",\"@id\":\"https:\\\/\\\/www.clearlyloc.com\\\/es\\\/#website\",\"url\":\"https:\\\/\\\/www.clearlyloc.com\\\/es\\\/\",\"name\":\"Clearly Local | Translation and Localization Services\",\"description\":\"Language and Content Services\",\"publisher\":{\"@id\":\"https:\\\/\\\/www.clearlyloc.com\\\/es\\\/#organization\"},\"potentialAction\":[{\"@type\":\"SearchAction\",\"target\":{\"@type\":\"EntryPoint\",\"urlTemplate\":\"https:\\\/\\\/www.clearlyloc.com\\\/es\\\/?s={search_term_string}\"},\"query-input\":{\"@type\":\"PropertyValueSpecification\",\"valueRequired\":true,\"valueName\":\"search_term_string\"}}],\"inLanguage\":\"es\"},{\"@type\":\"Organization\",\"@id\":\"https:\\\/\\\/www.clearlyloc.com\\\/es\\\/#organization\",\"name\":\"Clearly Local | Translation and Localization Services\",\"url\":\"https:\\\/\\\/www.clearlyloc.com\\\/es\\\/\",\"logo\":{\"@type\":\"ImageObject\",\"inLanguage\":\"es\",\"@id\":\"https:\\\/\\\/www.clearlyloc.com\\\/es\\\/#\\\/schema\\\/logo\\\/image\\\/\",\"url\":\"https:\\\/\\\/clearlyloc.chinacloudsites.cn\\\/wp-content\\\/uploads\\\/2024\\\/02\\\/logo-Crearly.webp\",\"contentUrl\":\"https:\\\/\\\/clearlyloc.chinacloudsites.cn\\\/wp-content\\\/uploads\\\/2024\\\/02\\\/logo-Crearly.webp\",\"width\":1101,\"height\":325,\"caption\":\"Clearly Local | Translation and Localization Services\"},\"image\":{\"@id\":\"https:\\\/\\\/www.clearlyloc.com\\\/es\\\/#\\\/schema\\\/logo\\\/image\\\/\"}}]}<\/script>\n<!-- \/ Yoast SEO plugin. -->","yoast_head_json":{"title":"Portafolio de videos - Clearly Local","robots":{"index":"index","follow":"follow","max-snippet":"max-snippet:-1","max-image-preview":"max-image-preview:large","max-video-preview":"max-video-preview:-1"},"canonical":"https:\/\/www.clearlyloc.com\/es\/video-portfolio\/","og_locale":"es_ES","og_type":"article","og_title":"Portafolio de videos - Clearly Local","og_description":"Explora nuestros proyectos de video Servicio integral: Gestionamos todo, desde el desarrollo del concepto hasta la postproducci\u00f3n, ofreciendo un enfoque integral para la creaci\u00f3n de contenido de video. Cont\u00e1ctanos Creaci\u00f3n de videos Con la confianza de marcas globales Explora nuestro portafolio de videos para descubrir c\u00f3mo damos vida a las historias de las marcas con [&hellip;]","og_url":"https:\/\/www.clearlyloc.com\/es\/video-portfolio\/","og_site_name":"Clearly Local","article_modified_time":"2026-04-13T13:44:56+00:00","og_image":[{"width":2400,"height":1600,"url":"https:\/\/www.clearlyloc.com\/wp-content\/uploads\/2025\/10\/Video-banner-1.jpg","type":"image\/jpeg"}],"twitter_card":"summary_large_image","twitter_misc":{"Tiempo de lectura":"1 minuto"},"schema":{"@context":"https:\/\/schema.org","@graph":[{"@type":"WebPage","@id":"https:\/\/www.clearlyloc.com\/es\/video-portfolio\/","url":"https:\/\/www.clearlyloc.com\/es\/video-portfolio\/","name":"Portafolio de videos - Clearly Local","isPartOf":{"@id":"https:\/\/www.clearlyloc.com\/es\/#website"},"primaryImageOfPage":{"@id":"https:\/\/www.clearlyloc.com\/es\/video-portfolio\/#primaryimage"},"image":{"@id":"https:\/\/www.clearlyloc.com\/es\/video-portfolio\/#primaryimage"},"thumbnailUrl":"\/wp-content\/uploads\/2025\/10\/Video-banner-1.jpg","datePublished":"2025-11-19T08:58:50+00:00","dateModified":"2026-04-13T13:44:56+00:00","breadcrumb":{"@id":"https:\/\/www.clearlyloc.com\/es\/video-portfolio\/#breadcrumb"},"inLanguage":"es","potentialAction":[{"@type":"ReadAction","target":["https:\/\/www.clearlyloc.com\/es\/video-portfolio\/"]}]},{"@type":"ImageObject","inLanguage":"es","@id":"https:\/\/www.clearlyloc.com\/es\/video-portfolio\/#primaryimage","url":"\/wp-content\/uploads\/2025\/10\/Video-banner-1.jpg","contentUrl":"\/wp-content\/uploads\/2025\/10\/Video-banner-1.jpg","width":2400,"height":1600},{"@type":"BreadcrumbList","@id":"https:\/\/www.clearlyloc.com\/es\/video-portfolio\/#breadcrumb","itemListElement":[{"@type":"ListItem","position":1,"name":"Home","item":"https:\/\/www.clearlyloc.com\/es\/"},{"@type":"ListItem","position":2,"name":"Portafolio de videos"}]},{"@type":"WebSite","@id":"https:\/\/www.clearlyloc.com\/es\/#website","url":"https:\/\/www.clearlyloc.com\/es\/","name":"Clearly Local | Translation and Localization Services","description":"Language and Content Services","publisher":{"@id":"https:\/\/www.clearlyloc.com\/es\/#organization"},"potentialAction":[{"@type":"SearchAction","target":{"@type":"EntryPoint","urlTemplate":"https:\/\/www.clearlyloc.com\/es\/?s={search_term_string}"},"query-input":{"@type":"PropertyValueSpecification","valueRequired":true,"valueName":"search_term_string"}}],"inLanguage":"es"},{"@type":"Organization","@id":"https:\/\/www.clearlyloc.com\/es\/#organization","name":"Clearly Local | Translation and Localization Services","url":"https:\/\/www.clearlyloc.com\/es\/","logo":{"@type":"ImageObject","inLanguage":"es","@id":"https:\/\/www.clearlyloc.com\/es\/#\/schema\/logo\/image\/","url":"https:\/\/clearlyloc.chinacloudsites.cn\/wp-content\/uploads\/2024\/02\/logo-Crearly.webp","contentUrl":"https:\/\/clearlyloc.chinacloudsites.cn\/wp-content\/uploads\/2024\/02\/logo-Crearly.webp","width":1101,"height":325,"caption":"Clearly Local | Translation and Localization Services"},"image":{"@id":"https:\/\/www.clearlyloc.com\/es\/#\/schema\/logo\/image\/"}}]}},"_links":{"self":[{"href":"https:\/\/www.clearlyloc.com\/es\/wp-json\/wp\/v2\/pages\/26740","targetHints":{"allow":["GET"]}}],"collection":[{"href":"https:\/\/www.clearlyloc.com\/es\/wp-json\/wp\/v2\/pages"}],"about":[{"href":"https:\/\/www.clearlyloc.com\/es\/wp-json\/wp\/v2\/types\/page"}],"author":[{"embeddable":true,"href":"https:\/\/www.clearlyloc.com\/es\/wp-json\/wp\/v2\/users\/16"}],"replies":[{"embeddable":true,"href":"https:\/\/www.clearlyloc.com\/es\/wp-json\/wp\/v2\/comments?post=26740"}],"version-history":[{"count":5,"href":"https:\/\/www.clearlyloc.com\/es\/wp-json\/wp\/v2\/pages\/26740\/revisions"}],"predecessor-version":[{"id":26746,"href":"https:\/\/www.clearlyloc.com\/es\/wp-json\/wp\/v2\/pages\/26740\/revisions\/26746"}],"wp:featuredmedia":[{"embeddable":true,"href":"https:\/\/www.clearlyloc.com\/es\/wp-json\/wp\/v2\/media\/22055"}],"wp:attachment":[{"href":"https:\/\/www.clearlyloc.com\/es\/wp-json\/wp\/v2\/media?parent=26740"}],"curies":[{"name":"wp","href":"https:\/\/api.w.org\/{rel}","templated":true}]}}