{"id":26634,"date":"2025-11-19T16:58:50","date_gmt":"2025-11-19T08:58:50","guid":{"rendered":"https:\/\/www.clearlyloc.com\/?page_id=26634"},"modified":"2026-04-10T17:55:07","modified_gmt":"2026-04-10T09:55:07","slug":"video-portfolio","status":"publish","type":"page","link":"https:\/\/www.clearlyloc.com\/fr\/video-portfolio\/","title":{"rendered":"Portfolio vid\u00e9o"},"content":{"rendered":"\t\t<div data-elementor-type=\"wp-page\" data-elementor-id=\"26634\" class=\"elementor elementor-26634 elementor-21892\" data-elementor-post-type=\"page\">\n\t\t\t\t\t\t<section class=\"elementor-section elementor-top-section elementor-element elementor-element-60c1173 elementor-section-boxed elementor-section-height-default elementor-section-height-default\" data-id=\"60c1173\" data-element_type=\"section\" data-e-type=\"section\" data-settings=\"{&quot;background_background&quot;:&quot;classic&quot;}\">\n\t\t\t\t\t\t\t<div class=\"elementor-background-overlay\"><\/div>\n\t\t\t\t\t\t\t<div class=\"elementor-container elementor-column-gap-default\">\n\t\t\t\t\t<div class=\"elementor-column elementor-col-100 elementor-top-column elementor-element elementor-element-eed98a5\" data-id=\"eed98a5\" data-element_type=\"column\" data-e-type=\"column\">\n\t\t\t<div class=\"elementor-widget-wrap elementor-element-populated\">\n\t\t\t\t\t\t<div class=\"elementor-element elementor-element-d37cacb elementor-widget elementor-widget-heading\" data-id=\"d37cacb\" data-element_type=\"widget\" data-e-type=\"widget\" data-widget_type=\"heading.default\">\n\t\t\t\t<div class=\"elementor-widget-container\">\n\t\t\t\t\t<h1 class=\"elementor-heading-title elementor-size-default\">Explorez nos projets vid\u00e9o<\/h1>\t\t\t\t<\/div>\n\t\t\t\t<\/div>\n\t\t\t\t<div class=\"elementor-element elementor-element-7fbfd66 elementor-widget__width-initial elementor-invisible elementor-widget elementor-widget-text-editor\" data-id=\"7fbfd66\" data-element_type=\"widget\" data-e-type=\"widget\" data-settings=\"{&quot;_animation&quot;:&quot;fadeInUp&quot;,&quot;_animation_delay&quot;:400}\" data-widget_type=\"text-editor.default\">\n\t\t\t\t<div class=\"elementor-widget-container\">\n\t\t\t\t\t\t\t\t\t<b>Service de bout en bout :<\/b> Nous g\u00e9rons tout, du d\u00e9veloppement du concept \u00e0 la post-production, en offrant une approche globale de la cr\u00e9ation de contenu vid\u00e9o.\t\t\t\t\t\t\t\t<\/div>\n\t\t\t\t<\/div>\n\t\t<div class=\"elementor-element elementor-element-373fe77 e-grid e-con-boxed e-con e-parent\" data-id=\"373fe77\" data-element_type=\"container\" data-e-type=\"container\">\n\t\t\t\t\t<div class=\"e-con-inner\">\n\t\t\t\t<div class=\"elementor-element elementor-element-cc4be54 elementor-mobile-align-center elementor-align-right elementor-widget elementor-widget-button\" data-id=\"cc4be54\" data-element_type=\"widget\" data-e-type=\"widget\" data-widget_type=\"button.default\">\n\t\t\t\t<div class=\"elementor-widget-container\">\n\t\t\t\t\t\t\t\t\t<div class=\"elementor-button-wrapper\">\n\t\t\t\t\t<a class=\"elementor-button elementor-button-link elementor-size-sm\" href=\"https:\/\/www.clearlyloc.com\/fr\/contact\/\">\n\t\t\t\t\t\t<span class=\"elementor-button-content-wrapper\">\n\t\t\t\t\t\t\t\t\t<span class=\"elementor-button-text\">Contactez-nous<\/span>\n\t\t\t\t\t<\/span>\n\t\t\t\t\t<\/a>\n\t\t\t\t<\/div>\n\t\t\t\t\t\t\t\t<\/div>\n\t\t\t\t<\/div>\n\t\t\t\t<div class=\"elementor-element elementor-element-4af06e3 elementor-mobile-align-center elementor-align-left elementor-widget elementor-widget-button\" data-id=\"4af06e3\" data-element_type=\"widget\" data-e-type=\"widget\" data-widget_type=\"button.default\">\n\t\t\t\t<div class=\"elementor-widget-container\">\n\t\t\t\t\t\t\t\t\t<div class=\"elementor-button-wrapper\">\n\t\t\t\t\t<a class=\"elementor-button elementor-button-link elementor-size-sm\" href=\"https:\/\/www.clearlyloc.com\/video-content-creation\/\">\n\t\t\t\t\t\t<span class=\"elementor-button-content-wrapper\">\n\t\t\t\t\t\t\t\t\t<span class=\"elementor-button-text\">Cr\u00e9ation vid\u00e9o<\/span>\n\t\t\t\t\t<\/span>\n\t\t\t\t\t<\/a>\n\t\t\t\t<\/div>\n\t\t\t\t\t\t\t\t<\/div>\n\t\t\t\t<\/div>\n\t\t\t\t\t<\/div>\n\t\t\t\t<\/div>\n\t\t\t\t\t<\/div>\n\t\t<\/div>\n\t\t\t\t\t<\/div>\n\t\t<\/section>\n\t\t<div class=\"elementor-element elementor-element-b518d0a e-grid e-con-boxed e-con e-parent\" data-id=\"b518d0a\" data-element_type=\"container\" data-e-type=\"container\" data-settings=\"{&quot;background_background&quot;:&quot;classic&quot;}\">\n\t\t\t\t\t<div class=\"e-con-inner\">\n\t\t<div class=\"elementor-element elementor-element-331917c e-con-full e-flex e-con e-child\" data-id=\"331917c\" data-element_type=\"container\" data-e-type=\"container\">\n\t\t\t\t<div class=\"elementor-element elementor-element-7fb37a9 elementor-widget elementor-widget-heading\" data-id=\"7fb37a9\" data-element_type=\"widget\" data-e-type=\"widget\" data-widget_type=\"heading.default\">\n\t\t\t\t<div class=\"elementor-widget-container\">\n\t\t\t\t\t<h2 class=\"elementor-heading-title elementor-size-default\">Pl\u00e9biscit\u00e9 par les marques mondiales<\/h2>\t\t\t\t<\/div>\n\t\t\t\t<\/div>\n\t\t\t\t<\/div>\n\t\t<div class=\"elementor-element elementor-element-6330d5d e-con-full e-flex e-con e-child\" data-id=\"6330d5d\" data-element_type=\"container\" data-e-type=\"container\">\n\t\t\t\t<div class=\"elementor-element elementor-element-e189b54 elementor-widget__width-initial elementor-widget elementor-widget-heading\" data-id=\"e189b54\" data-element_type=\"widget\" data-e-type=\"widget\" data-widget_type=\"heading.default\">\n\t\t\t\t<div class=\"elementor-widget-container\">\n\t\t\t\t\t<h3 class=\"elementor-heading-title elementor-size-default\">Explorez notre portfolio vid\u00e9o pour voir comment nous donnons vie aux histoires de marque avec cr\u00e9ativit\u00e9, clart\u00e9 et pr\u00e9cision culturelle.\n\n<\/h3>\t\t\t\t<\/div>\n\t\t\t\t<\/div>\n\t\t\t\t<\/div>\n\t\t\t\t\t<\/div>\n\t\t\t\t<\/div>\n\t\t<div class=\"elementor-element elementor-element-deec3f4 e-flex e-con-boxed e-con e-parent\" data-id=\"deec3f4\" data-element_type=\"container\" data-e-type=\"container\" data-settings=\"{&quot;background_background&quot;:&quot;classic&quot;}\">\n\t\t\t\t\t<div class=\"e-con-inner\">\n\t\t\t\t\t<\/div>\n\t\t\t\t<\/div>\n\t\t<div class=\"elementor-element elementor-element-6a64970 e-flex e-con-boxed e-con e-parent\" data-id=\"6a64970\" data-element_type=\"container\" data-e-type=\"container\">\n\t\t\t\t\t<div class=\"e-con-inner\">\n\t\t\t\t<div class=\"elementor-element elementor-element-677403e elementor-widget elementor-widget-heading\" data-id=\"677403e\" data-element_type=\"widget\" data-e-type=\"widget\" data-widget_type=\"heading.default\">\n\t\t\t\t<div class=\"elementor-widget-container\">\n\t\t\t\t\t<h2 class=\"elementor-heading-title elementor-size-default\">D\u00e9bloquez notre portfolio vid\u00e9o complet<\/h2>\t\t\t\t<\/div>\n\t\t\t\t<\/div>\n\t\t\t\t<div class=\"elementor-element elementor-element-4abfb2f elementor-widget elementor-widget-heading\" data-id=\"4abfb2f\" data-element_type=\"widget\" data-e-type=\"widget\" data-widget_type=\"heading.default\">\n\t\t\t\t<div class=\"elementor-widget-container\">\n\t\t\t\t\t<h3 class=\"elementor-heading-title elementor-size-default\">Mettre en valeur les marques mondiales gr\u00e2ce \u00e0 la vid\u00e9o<\/h3>\t\t\t\t<\/div>\n\t\t\t\t<\/div>\n\t\t\t\t\t<\/div>\n\t\t\t\t<\/div>\n\t\t<div class=\"elementor-element elementor-element-b39120f e-flex e-con-boxed e-con e-parent\" data-id=\"b39120f\" data-element_type=\"container\" data-e-type=\"container\">\n\t\t\t\t\t<div class=\"e-con-inner\">\n\t\t<div class=\"elementor-element elementor-element-fef7a57 e-con-full e-flex e-con e-child\" data-id=\"fef7a57\" data-element_type=\"container\" data-e-type=\"container\">\n\t\t\t\t<div class=\"elementor-element elementor-element-ec1f80e elementor-icon-list--layout-traditional elementor-list-item-link-full_width elementor-widget elementor-widget-icon-list\" data-id=\"ec1f80e\" data-element_type=\"widget\" data-e-type=\"widget\" data-widget_type=\"icon-list.default\">\n\t\t\t\t<div class=\"elementor-widget-container\">\n\t\t\t\t\t\t\t<ul class=\"elementor-icon-list-items\">\n\t\t\t\t\t\t\t<li class=\"elementor-icon-list-item\">\n\t\t\t\t\t\t\t\t\t\t\t<span class=\"elementor-icon-list-icon\">\n\t\t\t\t\t\t\t<i aria-hidden=\"true\" class=\"dlicon business_factory\"><\/i>\t\t\t\t\t\t<\/span>\n\t\t\t\t\t\t\t\t\t\t<span class=\"elementor-icon-list-text\"><b>Industries<\/b> <br>Fabrication, Automobile, Consommation, Technologie, M\u00e9dical, \u00c9nergie, Banque, Luxe et plus encore.<\/span>\n\t\t\t\t\t\t\t\t\t<\/li>\n\t\t\t\t\t\t\t\t<li class=\"elementor-icon-list-item\">\n\t\t\t\t\t\t\t\t\t\t\t<span class=\"elementor-icon-list-icon\">\n\t\t\t\t\t\t\t<i aria-hidden=\"true\" class=\"icon icon-video-camera\"><\/i>\t\t\t\t\t\t<\/span>\n\t\t\t\t\t\t\t\t\t\t<span class=\"elementor-icon-list-text\"><b>Types de vid\u00e9os<\/b> <br>Marketing et promotion, Histoire de marque, D\u00e9monstrations de produits\/services, Publicit\u00e9s sur les r\u00e9seaux sociaux, Promotions \u00e9v\u00e9nementielles, Tutoriels pratiques, T\u00e9moignages clients.<\/span>\n\t\t\t\t\t\t\t\t\t<\/li>\n\t\t\t\t\t\t\t\t<li class=\"elementor-icon-list-item\">\n\t\t\t\t\t\t\t\t\t\t\t<span class=\"elementor-icon-list-icon\">\n\t\t\t\t\t\t\t<svg aria-hidden=\"true\" class=\"e-font-icon-svg e-fas-globe\" viewBox=\"0 0 496 512\" xmlns=\"http:\/\/www.w3.org\/2000\/svg\"><path d=\"M336.5 160C322 70.7 287.8 8 248 8s-74 62.7-88.5 152h177zM152 256c0 22.2 1.2 43.5 3.3 64h185.3c2.1-20.5 3.3-41.8 3.3-64s-1.2-43.5-3.3-64H155.3c-2.1 20.5-3.3 41.8-3.3 64zm324.7-96c-28.6-67.9-86.5-120.4-158-141.6 24.4 33.8 41.2 84.7 50 141.6h108zM177.2 18.4C105.8 39.6 47.8 92.1 19.3 160h108c8.7-56.9 25.5-107.8 49.9-141.6zM487.4 192H372.7c2.1 21 3.3 42.5 3.3 64s-1.2 43-3.3 64h114.6c5.5-20.5 8.6-41.8 8.6-64s-3.1-43.5-8.5-64zM120 256c0-21.5 1.2-43 3.3-64H8.6C3.2 212.5 0 233.8 0 256s3.2 43.5 8.6 64h114.6c-2-21-3.2-42.5-3.2-64zm39.5 96c14.5 89.3 48.7 152 88.5 152s74-62.7 88.5-152h-177zm159.3 141.6c71.4-21.2 129.4-73.7 158-141.6h-108c-8.8 56.9-25.6 107.8-50 141.6zM19.3 352c28.6 67.9 86.5 120.4 158 141.6-24.4-33.8-41.2-84.7-50-141.6h-108z\"><\/path><\/svg>\t\t\t\t\t\t<\/span>\n\t\t\t\t\t\t\t\t\t\t<span class=\"elementor-icon-list-text\"><b>Clients internationaux<\/b> <br>Alibaba, Huawei, Xiaomi, Brother, Lenovo, BMW, Shell, 3M, Insta360 et bien d'autres.<\/span>\n\t\t\t\t\t\t\t\t\t<\/li>\n\t\t\t\t\t\t\t\t<li class=\"elementor-icon-list-item\">\n\t\t\t\t\t\t\t\t\t\t\t<span class=\"elementor-icon-list-icon\">\n\t\t\t\t\t\t\t<i aria-hidden=\"true\" class=\"icon icon-film-play\"><\/i>\t\t\t\t\t\t<\/span>\n\t\t\t\t\t\t\t\t\t\t<span class=\"elementor-icon-list-text\"><b>Contenu livr\u00e9<\/b> <br>Lancements de produits, histoire de marque, couverture d'\u00e9v\u00e9nements, vid\u00e9os \u00e9ducatives et campagnes localis\u00e9es.<\/span>\n\t\t\t\t\t\t\t\t\t<\/li>\n\t\t\t\t\t\t<\/ul>\n\t\t\t\t\t\t<\/div>\n\t\t\t\t<\/div>\n\t\t\t\t<\/div>\n\t\t<div class=\"elementor-element elementor-element-ed696b8 e-con-full e-flex e-con e-child\" data-id=\"ed696b8\" data-element_type=\"container\" data-e-type=\"container\">\n\t\t\t\t<div class=\"elementor-element elementor-element-8c60b00 elementor-widget__width-inherit elementor-widget elementor-widget-shortcode\" data-id=\"8c60b00\" data-element_type=\"widget\" data-e-type=\"widget\" data-widget_type=\"shortcode.default\">\n\t\t\t\t<div class=\"elementor-widget-container\">\n\t\t\t\t\t\t\t<div class=\"elementor-shortcode\"><script src=\"https:\/\/js.hsforms.net\/forms\/embed\/24112505.js\" defer><\/script>\n<div class=\"hs-form-frame\" data-region=\"na1\" data-form-id=\"322ec4f1-7c59-4e16-9253-a7974340cb03\" data-portal-id=\"24112505\"><\/div><\/div>\n\t\t\t\t\t\t<\/div>\n\t\t\t\t<\/div>\n\t\t\t\t<\/div>\n\t\t\t\t\t<\/div>\n\t\t\t\t<\/div>\n\t\t\t\t<\/div>\n\t\t","protected":false},"excerpt":{"rendered":"<p>Explorez nos projets vid\u00e9o Service de bout en bout : Nous g\u00e9rons tout, du d\u00e9veloppement du concept \u00e0 la post-production, en offrant une approche globale de la cr\u00e9ation de contenu vid\u00e9o. Contactez-nous Cr\u00e9ation vid\u00e9o Pl\u00e9biscit\u00e9 par les marques mondiales Explorez notre portfolio vid\u00e9o pour voir comment nous donnons vie aux histoires de marque avec cr\u00e9ativit\u00e9, [&hellip;]<\/p>\n","protected":false},"author":16,"featured_media":22055,"parent":0,"menu_order":0,"comment_status":"closed","ping_status":"closed","template":"","meta":{"content-type":"","footnotes":""},"class_list":["post-26634","page","type-page","status-publish","has-post-thumbnail","hentry"],"yoast_head":"<!-- This site is optimized with the Yoast SEO plugin v27.3 - https:\/\/yoast.com\/product\/yoast-seo-wordpress\/ -->\n<title>Portfolio vid\u00e9o - Clearly Local<\/title>\n<meta name=\"robots\" content=\"index, follow, max-snippet:-1, max-image-preview:large, max-video-preview:-1\" \/>\n<link rel=\"canonical\" href=\"https:\/\/www.clearlyloc.com\/fr\/video-portfolio\/\" \/>\n<meta property=\"og:locale\" content=\"fr_FR\" \/>\n<meta property=\"og:type\" content=\"article\" \/>\n<meta property=\"og:title\" content=\"Portfolio vid\u00e9o - Clearly Local\" \/>\n<meta property=\"og:description\" content=\"Explorez nos projets vid\u00e9o Service de bout en bout : Nous g\u00e9rons tout, du d\u00e9veloppement du concept \u00e0 la post-production, en offrant une approche globale de la cr\u00e9ation de contenu vid\u00e9o. Contactez-nous Cr\u00e9ation vid\u00e9o Pl\u00e9biscit\u00e9 par les marques mondiales Explorez notre portfolio vid\u00e9o pour voir comment nous donnons vie aux histoires de marque avec cr\u00e9ativit\u00e9, [&hellip;]\" \/>\n<meta property=\"og:url\" content=\"https:\/\/www.clearlyloc.com\/fr\/video-portfolio\/\" \/>\n<meta property=\"og:site_name\" content=\"Clearly Local\" \/>\n<meta property=\"article:modified_time\" content=\"2026-04-10T09:55:07+00:00\" \/>\n<meta property=\"og:image\" content=\"https:\/\/www.clearlyloc.com\/wp-content\/uploads\/2025\/10\/Video-banner-1.jpg\" \/>\n\t<meta property=\"og:image:width\" content=\"2400\" \/>\n\t<meta property=\"og:image:height\" content=\"1600\" \/>\n\t<meta property=\"og:image:type\" content=\"image\/jpeg\" \/>\n<meta name=\"twitter:card\" content=\"summary_large_image\" \/>\n<meta name=\"twitter:label1\" content=\"Dur\u00e9e de lecture estim\u00e9e\" \/>\n\t<meta name=\"twitter:data1\" content=\"1 minute\" \/>\n<script type=\"application\/ld+json\" class=\"yoast-schema-graph\">{\"@context\":\"https:\\\/\\\/schema.org\",\"@graph\":[{\"@type\":\"WebPage\",\"@id\":\"https:\\\/\\\/www.clearlyloc.com\\\/fr\\\/video-portfolio\\\/\",\"url\":\"https:\\\/\\\/www.clearlyloc.com\\\/fr\\\/video-portfolio\\\/\",\"name\":\"Portfolio vid\u00e9o - Clearly Local\",\"isPartOf\":{\"@id\":\"https:\\\/\\\/www.clearlyloc.com\\\/fr\\\/#website\"},\"primaryImageOfPage\":{\"@id\":\"https:\\\/\\\/www.clearlyloc.com\\\/fr\\\/video-portfolio\\\/#primaryimage\"},\"image\":{\"@id\":\"https:\\\/\\\/www.clearlyloc.com\\\/fr\\\/video-portfolio\\\/#primaryimage\"},\"thumbnailUrl\":\"\\\/wp-content\\\/uploads\\\/2025\\\/10\\\/Video-banner-1.jpg\",\"datePublished\":\"2025-11-19T08:58:50+00:00\",\"dateModified\":\"2026-04-10T09:55:07+00:00\",\"breadcrumb\":{\"@id\":\"https:\\\/\\\/www.clearlyloc.com\\\/fr\\\/video-portfolio\\\/#breadcrumb\"},\"inLanguage\":\"fr-FR\",\"potentialAction\":[{\"@type\":\"ReadAction\",\"target\":[\"https:\\\/\\\/www.clearlyloc.com\\\/fr\\\/video-portfolio\\\/\"]}]},{\"@type\":\"ImageObject\",\"inLanguage\":\"fr-FR\",\"@id\":\"https:\\\/\\\/www.clearlyloc.com\\\/fr\\\/video-portfolio\\\/#primaryimage\",\"url\":\"\\\/wp-content\\\/uploads\\\/2025\\\/10\\\/Video-banner-1.jpg\",\"contentUrl\":\"\\\/wp-content\\\/uploads\\\/2025\\\/10\\\/Video-banner-1.jpg\",\"width\":2400,\"height\":1600},{\"@type\":\"BreadcrumbList\",\"@id\":\"https:\\\/\\\/www.clearlyloc.com\\\/fr\\\/video-portfolio\\\/#breadcrumb\",\"itemListElement\":[{\"@type\":\"ListItem\",\"position\":1,\"name\":\"Home\",\"item\":\"https:\\\/\\\/www.clearlyloc.com\\\/fr\\\/\"},{\"@type\":\"ListItem\",\"position\":2,\"name\":\"Portfolio vid\u00e9o\"}]},{\"@type\":\"WebSite\",\"@id\":\"https:\\\/\\\/www.clearlyloc.com\\\/fr\\\/#website\",\"url\":\"https:\\\/\\\/www.clearlyloc.com\\\/fr\\\/\",\"name\":\"Clearly Local | Translation and Localization Services\",\"description\":\"Language and Content Services\",\"publisher\":{\"@id\":\"https:\\\/\\\/www.clearlyloc.com\\\/fr\\\/#organization\"},\"potentialAction\":[{\"@type\":\"SearchAction\",\"target\":{\"@type\":\"EntryPoint\",\"urlTemplate\":\"https:\\\/\\\/www.clearlyloc.com\\\/fr\\\/?s={search_term_string}\"},\"query-input\":{\"@type\":\"PropertyValueSpecification\",\"valueRequired\":true,\"valueName\":\"search_term_string\"}}],\"inLanguage\":\"fr-FR\"},{\"@type\":\"Organization\",\"@id\":\"https:\\\/\\\/www.clearlyloc.com\\\/fr\\\/#organization\",\"name\":\"Clearly Local | Translation and Localization Services\",\"url\":\"https:\\\/\\\/www.clearlyloc.com\\\/fr\\\/\",\"logo\":{\"@type\":\"ImageObject\",\"inLanguage\":\"fr-FR\",\"@id\":\"https:\\\/\\\/www.clearlyloc.com\\\/fr\\\/#\\\/schema\\\/logo\\\/image\\\/\",\"url\":\"https:\\\/\\\/clearlyloc.chinacloudsites.cn\\\/wp-content\\\/uploads\\\/2024\\\/02\\\/logo-Crearly.webp\",\"contentUrl\":\"https:\\\/\\\/clearlyloc.chinacloudsites.cn\\\/wp-content\\\/uploads\\\/2024\\\/02\\\/logo-Crearly.webp\",\"width\":1101,\"height\":325,\"caption\":\"Clearly Local | Translation and Localization Services\"},\"image\":{\"@id\":\"https:\\\/\\\/www.clearlyloc.com\\\/fr\\\/#\\\/schema\\\/logo\\\/image\\\/\"}}]}<\/script>\n<!-- \/ Yoast SEO plugin. -->","yoast_head_json":{"title":"Portfolio vid\u00e9o - Clearly Local","robots":{"index":"index","follow":"follow","max-snippet":"max-snippet:-1","max-image-preview":"max-image-preview:large","max-video-preview":"max-video-preview:-1"},"canonical":"https:\/\/www.clearlyloc.com\/fr\/video-portfolio\/","og_locale":"fr_FR","og_type":"article","og_title":"Portfolio vid\u00e9o - Clearly Local","og_description":"Explorez nos projets vid\u00e9o Service de bout en bout : Nous g\u00e9rons tout, du d\u00e9veloppement du concept \u00e0 la post-production, en offrant une approche globale de la cr\u00e9ation de contenu vid\u00e9o. Contactez-nous Cr\u00e9ation vid\u00e9o Pl\u00e9biscit\u00e9 par les marques mondiales Explorez notre portfolio vid\u00e9o pour voir comment nous donnons vie aux histoires de marque avec cr\u00e9ativit\u00e9, [&hellip;]","og_url":"https:\/\/www.clearlyloc.com\/fr\/video-portfolio\/","og_site_name":"Clearly Local","article_modified_time":"2026-04-10T09:55:07+00:00","og_image":[{"width":2400,"height":1600,"url":"https:\/\/www.clearlyloc.com\/wp-content\/uploads\/2025\/10\/Video-banner-1.jpg","type":"image\/jpeg"}],"twitter_card":"summary_large_image","twitter_misc":{"Dur\u00e9e de lecture estim\u00e9e":"1 minute"},"schema":{"@context":"https:\/\/schema.org","@graph":[{"@type":"WebPage","@id":"https:\/\/www.clearlyloc.com\/fr\/video-portfolio\/","url":"https:\/\/www.clearlyloc.com\/fr\/video-portfolio\/","name":"Portfolio vid\u00e9o - Clearly Local","isPartOf":{"@id":"https:\/\/www.clearlyloc.com\/fr\/#website"},"primaryImageOfPage":{"@id":"https:\/\/www.clearlyloc.com\/fr\/video-portfolio\/#primaryimage"},"image":{"@id":"https:\/\/www.clearlyloc.com\/fr\/video-portfolio\/#primaryimage"},"thumbnailUrl":"\/wp-content\/uploads\/2025\/10\/Video-banner-1.jpg","datePublished":"2025-11-19T08:58:50+00:00","dateModified":"2026-04-10T09:55:07+00:00","breadcrumb":{"@id":"https:\/\/www.clearlyloc.com\/fr\/video-portfolio\/#breadcrumb"},"inLanguage":"fr-FR","potentialAction":[{"@type":"ReadAction","target":["https:\/\/www.clearlyloc.com\/fr\/video-portfolio\/"]}]},{"@type":"ImageObject","inLanguage":"fr-FR","@id":"https:\/\/www.clearlyloc.com\/fr\/video-portfolio\/#primaryimage","url":"\/wp-content\/uploads\/2025\/10\/Video-banner-1.jpg","contentUrl":"\/wp-content\/uploads\/2025\/10\/Video-banner-1.jpg","width":2400,"height":1600},{"@type":"BreadcrumbList","@id":"https:\/\/www.clearlyloc.com\/fr\/video-portfolio\/#breadcrumb","itemListElement":[{"@type":"ListItem","position":1,"name":"Home","item":"https:\/\/www.clearlyloc.com\/fr\/"},{"@type":"ListItem","position":2,"name":"Portfolio vid\u00e9o"}]},{"@type":"WebSite","@id":"https:\/\/www.clearlyloc.com\/fr\/#website","url":"https:\/\/www.clearlyloc.com\/fr\/","name":"Clearly Local | Translation and Localization Services","description":"Language and Content Services","publisher":{"@id":"https:\/\/www.clearlyloc.com\/fr\/#organization"},"potentialAction":[{"@type":"SearchAction","target":{"@type":"EntryPoint","urlTemplate":"https:\/\/www.clearlyloc.com\/fr\/?s={search_term_string}"},"query-input":{"@type":"PropertyValueSpecification","valueRequired":true,"valueName":"search_term_string"}}],"inLanguage":"fr-FR"},{"@type":"Organization","@id":"https:\/\/www.clearlyloc.com\/fr\/#organization","name":"Clearly Local | Translation and Localization Services","url":"https:\/\/www.clearlyloc.com\/fr\/","logo":{"@type":"ImageObject","inLanguage":"fr-FR","@id":"https:\/\/www.clearlyloc.com\/fr\/#\/schema\/logo\/image\/","url":"https:\/\/clearlyloc.chinacloudsites.cn\/wp-content\/uploads\/2024\/02\/logo-Crearly.webp","contentUrl":"https:\/\/clearlyloc.chinacloudsites.cn\/wp-content\/uploads\/2024\/02\/logo-Crearly.webp","width":1101,"height":325,"caption":"Clearly Local | Translation and Localization Services"},"image":{"@id":"https:\/\/www.clearlyloc.com\/fr\/#\/schema\/logo\/image\/"}}]}},"_links":{"self":[{"href":"https:\/\/www.clearlyloc.com\/fr\/wp-json\/wp\/v2\/pages\/26634","targetHints":{"allow":["GET"]}}],"collection":[{"href":"https:\/\/www.clearlyloc.com\/fr\/wp-json\/wp\/v2\/pages"}],"about":[{"href":"https:\/\/www.clearlyloc.com\/fr\/wp-json\/wp\/v2\/types\/page"}],"author":[{"embeddable":true,"href":"https:\/\/www.clearlyloc.com\/fr\/wp-json\/wp\/v2\/users\/16"}],"replies":[{"embeddable":true,"href":"https:\/\/www.clearlyloc.com\/fr\/wp-json\/wp\/v2\/comments?post=26634"}],"version-history":[{"count":5,"href":"https:\/\/www.clearlyloc.com\/fr\/wp-json\/wp\/v2\/pages\/26634\/revisions"}],"predecessor-version":[{"id":26639,"href":"https:\/\/www.clearlyloc.com\/fr\/wp-json\/wp\/v2\/pages\/26634\/revisions\/26639"}],"wp:featuredmedia":[{"embeddable":true,"href":"https:\/\/www.clearlyloc.com\/fr\/wp-json\/wp\/v2\/media\/22055"}],"wp:attachment":[{"href":"https:\/\/www.clearlyloc.com\/fr\/wp-json\/wp\/v2\/media?parent=26634"}],"curies":[{"name":"wp","href":"https:\/\/api.w.org\/{rel}","templated":true}]}}